{"id":8661,"date":"2021-10-29T14:56:38","date_gmt":"2021-10-29T12:56:38","guid":{"rendered":"https:\/\/www.turistica-tonussi.it\/regolamento\/"},"modified":"2023-04-28T17:50:46","modified_gmt":"2023-04-28T15:50:46","slug":"regolamento","status":"publish","type":"page","link":"https:\/\/www.turistica-tonussi.it\/de\/regolamento\/","title":{"rendered":"Mietbedingungen"},"content":{"rendered":"\n<h2 class=\"wp-block-heading has-text-align-center\">Allgemeine Mietbedingungen<\/h2>\n\n\n\n<p>1. Die Buchung ist akzeptiert und g\u00fcltig, sobald der Gast, die erforderliche Anzahlung in H\u00f6he von 30 % des Mietpreises, durch eine Bank\u00fcberweisung an die Turistica Tonussi geleistet hat, oder per Kreditkarte, auf unserer Website:\u00a0<a href=\"https:\/\/www.turistica-tonussi.it\/\">www.turistica-tonussi.it<\/a>\u00a0 get\u00e4tigt hat. Die Anzahlung muss innerhalb des angegebenen Datums der Zahlungsaufforderung eintreffen, ansonsten wird die Reservierung storniert. Nach Erhalt der Anzahlung, bekommt der Gast die Buchungsbest\u00e4tigung, die am Anreisetag in der Agentur vorzuzeigen ist.<\/p>\n\n\n\n<p>2. Der Restbetrag des Mietpreises muss bei der Ankunft in Bargeld (Euro) bezahlt werden; oder auch per Kreditkarte. Die Extras nur in Bargeld.<\/p>\n\n\n\n<p>3. Falls der Gast gezwungen ist, die Reservierung abzusagen, muss er mindestens 4 Wochen vor der Anreise eine schriftliche Mitteilung an die Turistica Tonussi machen; nur so wird ihm die Anzahlung, f\u00fcr die laufende Saison oder maximal f\u00fcr das darauffolgende Jahr gutgeschrieben; anderenfalls wir die Anzahlung aus keinem Grund zur\u00fcckerstattet, genauso wie bei einer vorzeitigen Abreise, hat der Gast kein Recht auf einer Geldverg\u00fctung. Die Anzahlung ist nicht \u00fcbertragbar.<\/p>\n\n\n\n<p>4. Sollte es dem Gast nicht m\u00f6glich sein, an dem vereinbarten Tag und Uhrzeit anzureisen, muss er die Turistica Tonussi unverz\u00fcglich dar\u00fcber informieren, anderenfalls kann die Turistica Tonussi, die Wohnung am darauffolgenden Tag, ab 11.00 Uhr, an Dritten weitervermieten.<\/p>\n\n\n\n<p>5. Die Wohnungen und die dazugeh\u00f6renden Autoabstellpl\u00e4tze stehen dem Gast am Anreisetag, bestimmt ab 16.00 Uhr zur Verf\u00fcgung; vor dieser Uhrzeit, wird kein Wohnungseinzug und kein Autoabstellplatz garantiert. Die Parkpl\u00e4tze sind nicht f\u00fcr Minivans und Vans geeignet.<\/p>\n\n\n\n<p>6. Eventuelle Beschwerden, zwecks einer nicht ausreichenden Reinigung, m\u00fcssen innerhalb einer Stunde nach der Wohnungs\u00fcbernahme, bei der Turistica Tonussi gemeldet werden; die Turistica Tonussi wird so schnell wie m\u00f6glich, die Beschwerde pr\u00fcfen und gegebenenfalls die Lokale neu ordnen.<\/p>\n\n\n\n<p>7. Die Wohnung wird dem Gast in Ordnung \u00fcbergeben und in Ordnung, muss sie wieder am Abreisetag verlassen werden. Der Gast muss die Wohnung und den dazugeh\u00f6renden Autoabstellplatz, innerhalb 09.00 Uhr r\u00e4umen. Der Abfall und die Flaschen m\u00fcssen entsorgt werden, der K\u00fchlschrank muss leer sein und das Geschirr und die K\u00fcchenzeile m\u00fcssen perfekt gereinigt werden.<\/p>\n\n\n\n<p>8. Die Anzahl der Wohnungsinsassen (Erwachsene und Kinder) darf auf keinen Fall, die verf\u00fcgte Anzahl der Betten \u00fcberschreiten; insofern weisen wir daraufhin, dass es gesetzlich verboten ist, auch nur vor\u00fcbergehend Personen zu beherbergen, die bei der Anreise nicht angemeldet wurden.<\/p>\n\n\n\n<p>9. Die Turistica Tonussi kann das Recht nutzen, um jederzeit und ohne Vorank\u00fcndigung die gemieteten Lokale zu inspizieren. Bei besonderen Bedingungen, (Nicht-Einhaltung der Ordnungsvorschriften oder St\u00f6rung des \u00f6ffentlichen Friedens) kann die Turistica Tonussi vom Gast die umgehende Wohnungsr\u00e4umung verlangen und wenn n\u00f6tig, mit Hilfe der Ordnungskr\u00e4fte.<\/p>\n\n\n\n<p>10. Der Gast muss unbedingt die Mietbedingungen in der jeweiligen Struktur, in welcher er sich aufh\u00e4lt, respektieren. Er ist f\u00fcr die Unterkunft und deren Innen- und Au\u00dfenausstattung, verantwortlich. Wir weisen darauf hin, dass es strengstens verboten ist, im Inneren der Wohnungen bzw. H\u00e4user zu rauchen; es ist ebenfalls verboten \u00fcberschw\u00e4nglichen L\u00e4rm zu produzieren. Weiteres ist die Umr\u00e4umung von M\u00f6beln und Einrichtungsgegenst\u00e4nden, nicht erlaubt.<\/p>\n\n\n\n<p>11. Der Gast muss eventuelle Sch\u00e4den, die ihm nicht zugerechnet werden k\u00f6nnen, sp\u00e4testens am Vormittag des darauffolgenden Tages, der Turistica Tonussi melden, anderenfalls wird er daf\u00fcr in Rechenschaft gezogen und muss f\u00fcr den Schaden aufkommen.<\/p>\n\n\n\n<p>12. Die Wohnungsobjekte werden mit Kopfkissen, Bett- und Tagesdecken beliefert.&nbsp; Die Bett- Tisch- und Badew\u00e4sche ist mitzubringen.<\/p>\n\n\n\n<p>13. Jede Wohnung verf\u00fcgt \u00fcber einen Autoabstellplatz und das Auto muss auf dem jeweiligen Platz abgestellt werden. Ein m\u00f6gliches zweites Auto, muss au\u00dferhalb geparkt werden; in den anliegenden Seitenstra\u00dfen, in \u00dcbereinstimmung der Verkehrsregeln.<\/p>\n\n\n\n<p>14. Kleine Haustiere sind erlaubt (mit einem Aufpreis von Euro 30,00) und m\u00fcssen verpflichtend angemeldet werden. Die Besitzer sind f\u00fcr die genaue Einhaltung der Tierregelung verantwortlich. Es ist strengstens verboten, die Hunde und die Katzen auf die Betten bzw. Sofas zu platzieren, ebenfalls d\u00fcrfen sie nicht, ohne Obhut in den Wohnungen gelassen werden. In den Gemeinschaftsbereichen m\u00fcssen die Hunde kategorisch an der Leine gef\u00fchrt werden. Bei der Abreise muss der Mieter, die Wohnung und die dazugeh\u00f6rige Terrasse bzw. den Garten genauestens kontrollieren und verantwortungsvoll sauber verlassen.<\/p>\n\n\n\n<p>15. Die Turistica Tonussi \u00fcbernimmt keine Verantwortung f\u00fcr Verluste, Verletzungen und Diebst\u00e4hlen, die innerhalb und au\u00dferhalb der Wohnungsobjekte zur\u00fcckzuf\u00fchren sind.&nbsp; Die Turistica Tonussi, steht dem Gast mit ihren Diensten zur Seite, um ein eventuelles gegebene Problem schnellstens zu l\u00f6sen.<\/p>\n\n\n\n<p>16. Bei eventuellen Rechtsstreitigkeiten ist der Gerichtshof von Venedig zust\u00e4ndig.<\/p>\n\n\n\n<p>17. Mit der Buchung akzeptiert der Gast die s\u00e4mtlichen dargelegten Bedingungen dieser Mietordnung.<\/p>\n","protected":false},"excerpt":{"rendered":"<p>Allgemeine Mietbedingungen 1. Die Buchung ist akzeptiert und g\u00fcltig, sobald der Gast, die erforderliche Anzahlung in H\u00f6he von 30 % des Mietpreises, durch eine Bank\u00fcberweisung an die Turistica Tonussi geleistet hat, oder per Kreditkarte, auf unserer Website:\u00a0www.turistica-tonussi.it\u00a0 get\u00e4tigt hat. Die Anzahlung muss innerhalb des angegebenen Datums der Zahlungsaufforderung eintreffen, ansonsten wird die Reservierung storniert. Nach [&hellip;]<\/p>\n","protected":false},"author":1,"featured_media":0,"parent":0,"menu_order":0,"comment_status":"closed","ping_status":"closed","template":"","meta":{"footnotes":""},"class_list":["post-8661","page","type-page","status-publish","hentry"],"_links":{"self":[{"href":"https:\/\/www.turistica-tonussi.it\/de\/wp-json\/wp\/v2\/pages\/8661","targetHints":{"allow":["GET"]}}],"collection":[{"href":"https:\/\/www.turistica-tonussi.it\/de\/wp-json\/wp\/v2\/pages"}],"about":[{"href":"https:\/\/www.turistica-tonussi.it\/de\/wp-json\/wp\/v2\/types\/page"}],"author":[{"embeddable":true,"href":"https:\/\/www.turistica-tonussi.it\/de\/wp-json\/wp\/v2\/users\/1"}],"replies":[{"embeddable":true,"href":"https:\/\/www.turistica-tonussi.it\/de\/wp-json\/wp\/v2\/comments?post=8661"}],"version-history":[{"count":0,"href":"https:\/\/www.turistica-tonussi.it\/de\/wp-json\/wp\/v2\/pages\/8661\/revisions"}],"wp:attachment":[{"href":"https:\/\/www.turistica-tonussi.it\/de\/wp-json\/wp\/v2\/media?parent=8661"}],"curies":[{"name":"wp","href":"https:\/\/api.w.org\/{rel}","templated":true}]}}